

{"id":1403,"date":"2025-03-12T11:40:09","date_gmt":"2025-03-12T11:40:09","guid":{"rendered":"https:\/\/nuriaanglarill.com\/sin-acceso\/"},"modified":"2025-03-12T15:12:57","modified_gmt":"2025-03-12T15:12:57","slug":"sin-acceso","status":"publish","type":"page","link":"https:\/\/nuriaanglarill.com\/ca\/sin-acceso\/","title":{"rendered":"Sense acc\u00e9s"},"content":{"rendered":"<p><div class=\"fusion-fullwidth fullwidth-box fusion-builder-row-1 fusion-flex-container has-pattern-background has-mask-background hundred-percent-fullwidth non-hundred-percent-height-scrolling\" style=\"--awb-border-radius-top-left:0px;--awb-border-radius-top-right:0px;--awb-border-radius-bottom-right:0px;--awb-border-radius-bottom-left:0px;--awb-padding-top:3%;--awb-padding-right:20%;--awb-padding-bottom:3%;--awb-padding-left:20%;--awb-background-color:#636e49;--awb-flex-wrap:wrap;\" ><div class=\"fusion-builder-row fusion-row fusion-flex-align-items-flex-start fusion-flex-content-wrap\" style=\"width:104% !important;max-width:104% !important;margin-left: calc(-4% \/ 2 );margin-right: calc(-4% \/ 2 );\"><div class=\"fusion-layout-column fusion_builder_column fusion-builder-column-0 fusion_builder_column_1_1 1_1 fusion-flex-column\" style=\"--awb-bg-size:cover;--awb-width-large:100%;--awb-margin-top-large:0px;--awb-spacing-right-large:1.92%;--awb-margin-bottom-large:20px;--awb-spacing-left-large:1.92%;--awb-width-medium:100%;--awb-order-medium:0;--awb-spacing-right-medium:1.92%;--awb-spacing-left-medium:1.92%;--awb-width-small:100%;--awb-order-small:0;--awb-spacing-right-small:1.92%;--awb-spacing-left-small:1.92%;\"><div class=\"fusion-column-wrapper fusion-column-has-shadow fusion-flex-justify-content-flex-start fusion-content-layout-column\"><div class=\"fusion-title title fusion-title-1 fusion-sep-none fusion-title-center fusion-title-text fusion-title-size-three\" style=\"--awb-text-color:#ffffff;--awb-margin-top-small:10px;--awb-margin-right-small:0px;--awb-margin-bottom-small:10px;--awb-margin-left-small:0px;\"><h3 class=\"fusion-title-heading title-heading-center\" style=\"margin:0;\">No tens acc\u00e9s a aquesta secci\u00f3 de la web<\/h3><\/div><div class=\"fusion-text fusion-text-1\" style=\"--awb-text-color:var(--awb-color1);\"><p style=\"text-align: center;\">Vaja! Sembla que has intentat accedir a una zona exclusiva del nostre lloc. Probablement, encara no formeu part del nostre grup de subscriptors. Per\u00f2 no et preocupis, a continuaci\u00f3 et mostrem tots els nostres plans perqu\u00e8 tri\u00efs el que s&#8217;adapti millor a tu i comencis a gaudir de tot el nostre contingut exclusiu.<\/p>\n<\/div><\/div><\/div><\/div><\/div><div class=\"fusion-fullwidth fullwidth-box fusion-builder-row-2 fusion-flex-container has-pattern-background has-mask-background nonhundred-percent-fullwidth non-hundred-percent-height-scrolling\" style=\"--awb-border-radius-top-left:0px;--awb-border-radius-top-right:0px;--awb-border-radius-bottom-right:0px;--awb-border-radius-bottom-left:0px;--awb-padding-top:3%;--awb-padding-bottom:3%;--awb-flex-wrap:wrap;\" ><div class=\"fusion-builder-row fusion-row fusion-flex-align-items-flex-start fusion-flex-content-wrap\" style=\"max-width:1248px;margin-left: calc(-4% \/ 2 );margin-right: calc(-4% \/ 2 );\"><div class=\"fusion-layout-column fusion_builder_column fusion-builder-column-1 fusion_builder_column_1_1 1_1 fusion-flex-column\" style=\"--awb-bg-size:cover;--awb-width-large:100%;--awb-margin-top-large:0px;--awb-spacing-right-large:1.92%;--awb-margin-bottom-large:20px;--awb-spacing-left-large:1.92%;--awb-width-medium:100%;--awb-order-medium:0;--awb-spacing-right-medium:1.92%;--awb-spacing-left-medium:1.92%;--awb-width-small:100%;--awb-order-small:0;--awb-spacing-right-small:1.92%;--awb-spacing-left-small:1.92%;\"><div class=\"fusion-column-wrapper fusion-column-has-shadow fusion-flex-justify-content-flex-start fusion-content-layout-column\"><div class=\"fusion-woo-product-grid fusion-product-archive fusion-woo-product-grid-1\"><ul class=\"products products-4\"><li class=\"product type-product post-1334 status-publish first instock product_cat-suscripciones-ca has-post-thumbnail virtual purchasable product-type-subscription product-grid-view\">\n\t<div class=\"fusion-product-wrapper\">\n<a href=\"https:\/\/nuriaanglarill.com\/ca\/yoga\/acces-24h\/\" class=\"product-images\" aria-label=\"Acc\u00e9s 24h\">\n\n<div class=\"featured-image\">\n\t\t<img decoding=\"async\" width=\"500\" height=\"500\" src=\"https:\/\/nuriaanglarill.com\/wp-content\/uploads\/2025\/03\/N.AnglarillYoga-46-500x500.jpg\" class=\"attachment-woocommerce_thumbnail size-woocommerce_thumbnail wp-post-image\" alt=\"\" srcset=\"https:\/\/nuriaanglarill.com\/wp-content\/uploads\/2025\/03\/N.AnglarillYoga-46-66x66.jpg 66w, https:\/\/nuriaanglarill.com\/wp-content\/uploads\/2025\/03\/N.AnglarillYoga-46-150x150.jpg 150w, https:\/\/nuriaanglarill.com\/wp-content\/uploads\/2025\/03\/N.AnglarillYoga-46-200x200.jpg 200w, https:\/\/nuriaanglarill.com\/wp-content\/uploads\/2025\/03\/N.AnglarillYoga-46-300x300.jpg 300w, https:\/\/nuriaanglarill.com\/wp-content\/uploads\/2025\/03\/N.AnglarillYoga-46-400x400.jpg 400w, https:\/\/nuriaanglarill.com\/wp-content\/uploads\/2025\/03\/N.AnglarillYoga-46-500x500.jpg 500w, https:\/\/nuriaanglarill.com\/wp-content\/uploads\/2025\/03\/N.AnglarillYoga-46-600x600.jpg 600w, https:\/\/nuriaanglarill.com\/wp-content\/uploads\/2025\/03\/N.AnglarillYoga-46-700x700.jpg 700w, https:\/\/nuriaanglarill.com\/wp-content\/uploads\/2025\/03\/N.AnglarillYoga-46-768x768.jpg 768w, https:\/\/nuriaanglarill.com\/wp-content\/uploads\/2025\/03\/N.AnglarillYoga-46-800x800.jpg 800w, https:\/\/nuriaanglarill.com\/wp-content\/uploads\/2025\/03\/N.AnglarillYoga-46.jpg 900w\" sizes=\"(max-width: 500px) 100vw, 500px\" \/>\n\t\t\t\t\t\t<div class=\"cart-loading\"><i class=\"awb-icon-spinner\" aria-hidden=\"true\"><\/i><\/div>\n\t\t\t<\/div>\n<\/a>\n<div class=\"fusion-product-content\">\n\t<div class=\"product-details\">\n\t\t<div class=\"product-details-container\">\n<h3 class=\"product-title\">\n\t<a href=\"https:\/\/nuriaanglarill.com\/ca\/yoga\/acces-24h\/\">\n\t\tAcc\u00e9s 24h\t<\/a>\n<\/h3>\n<div class=\"fusion-price-rating\">\n\n\t<span class=\"price\"><span class=\"woocommerce-Price-amount amount\"><bdi>5,00&nbsp;<span class=\"woocommerce-Price-currencySymbol\">&euro;<\/span><\/bdi><\/span> <span class=\"subscription-details\"> for 1 day<\/span><\/span>\n\t\t<\/div>\n\t<\/div>\n<\/div>\n\n\n\t<div class=\"product-buttons\">\n\t\t<div class=\"fusion-content-sep sep-double sep-solid\"><\/div>\n\t\t<div class=\"product-buttons-container clearfix\">\n<a href=\"\/ca\/wp-json\/wp\/v2\/pages\/1403?add-to-cart=1334\" aria-describedby=\"woocommerce_loop_add_to_cart_link_describedby_1334\" data-quantity=\"1\" class=\"button product_type_subscription add_to_cart_button ajax_add_to_cart\" data-product_id=\"1334\" data-product_sku=\"\" aria-label=\"Afegeix a la cistella: &ldquo;Acc\u00e9s 24h&rdquo;\" rel=\"nofollow\">Suscribir<\/a>\t<span id=\"woocommerce_loop_add_to_cart_link_describedby_1334\" class=\"screen-reader-text\">\n\t\t\t<\/span>\n\n<a href=\"https:\/\/nuriaanglarill.com\/ca\/yoga\/acces-24h\/\" class=\"show_details_button\">\n\tDetails<\/a>\n\n\n\t<\/div>\n\t<\/div>\n\n\t<\/div> <\/div>\n<\/li>\n<li class=\"product type-product post-1338 status-publish instock product_cat-suscripciones-ca has-post-thumbnail shipping-taxable purchasable product-type-subscription product-grid-view\">\n\t<div class=\"fusion-product-wrapper\">\n<a href=\"https:\/\/nuriaanglarill.com\/ca\/yoga\/classes-en-directe\/\" class=\"product-images\" aria-label=\"Classes en directe\">\n\n<div class=\"featured-image\">\n\t\t<img decoding=\"async\" width=\"500\" height=\"500\" src=\"https:\/\/nuriaanglarill.com\/wp-content\/uploads\/2025\/03\/N.AnglarillYoga-15-500x500.jpg\" class=\"attachment-woocommerce_thumbnail size-woocommerce_thumbnail wp-post-image\" alt=\"\" srcset=\"https:\/\/nuriaanglarill.com\/wp-content\/uploads\/2025\/03\/N.AnglarillYoga-15-66x66.jpg 66w, https:\/\/nuriaanglarill.com\/wp-content\/uploads\/2025\/03\/N.AnglarillYoga-15-150x150.jpg 150w, https:\/\/nuriaanglarill.com\/wp-content\/uploads\/2025\/03\/N.AnglarillYoga-15-200x200.jpg 200w, https:\/\/nuriaanglarill.com\/wp-content\/uploads\/2025\/03\/N.AnglarillYoga-15-300x300.jpg 300w, https:\/\/nuriaanglarill.com\/wp-content\/uploads\/2025\/03\/N.AnglarillYoga-15-400x400.jpg 400w, https:\/\/nuriaanglarill.com\/wp-content\/uploads\/2025\/03\/N.AnglarillYoga-15-500x500.jpg 500w, https:\/\/nuriaanglarill.com\/wp-content\/uploads\/2025\/03\/N.AnglarillYoga-15-600x600.jpg 600w, https:\/\/nuriaanglarill.com\/wp-content\/uploads\/2025\/03\/N.AnglarillYoga-15-700x700.jpg 700w, https:\/\/nuriaanglarill.com\/wp-content\/uploads\/2025\/03\/N.AnglarillYoga-15-768x768.jpg 768w, https:\/\/nuriaanglarill.com\/wp-content\/uploads\/2025\/03\/N.AnglarillYoga-15-800x800.jpg 800w, https:\/\/nuriaanglarill.com\/wp-content\/uploads\/2025\/03\/N.AnglarillYoga-15.jpg 900w\" sizes=\"(max-width: 500px) 100vw, 500px\" \/>\n\t\t\t\t\t\t<div class=\"cart-loading\"><i class=\"awb-icon-spinner\" aria-hidden=\"true\"><\/i><\/div>\n\t\t\t<\/div>\n<\/a>\n<div class=\"fusion-product-content\">\n\t<div class=\"product-details\">\n\t\t<div class=\"product-details-container\">\n<h3 class=\"product-title\">\n\t<a href=\"https:\/\/nuriaanglarill.com\/ca\/yoga\/classes-en-directe\/\">\n\t\tClasses en directe\t<\/a>\n<\/h3>\n<div class=\"fusion-price-rating\">\n\n\t<span class=\"price\"><span class=\"woocommerce-Price-amount amount\"><bdi>30,00&nbsp;<span class=\"woocommerce-Price-currencySymbol\">&euro;<\/span><\/bdi><\/span> <span class=\"subscription-details\"> \/ month<\/span><\/span>\n\t\t<\/div>\n\t<\/div>\n<\/div>\n\n\n\t<div class=\"product-buttons\">\n\t\t<div class=\"fusion-content-sep sep-double sep-solid\"><\/div>\n\t\t<div class=\"product-buttons-container clearfix\">\n<a href=\"\/ca\/wp-json\/wp\/v2\/pages\/1403?add-to-cart=1338\" aria-describedby=\"woocommerce_loop_add_to_cart_link_describedby_1338\" data-quantity=\"1\" class=\"button product_type_subscription add_to_cart_button ajax_add_to_cart\" data-product_id=\"1338\" data-product_sku=\"\" aria-label=\"Afegeix a la cistella: &ldquo;Classes en directe&rdquo;\" rel=\"nofollow\">Suscribir<\/a>\t<span id=\"woocommerce_loop_add_to_cart_link_describedby_1338\" class=\"screen-reader-text\">\n\t\t\t<\/span>\n\n<a href=\"https:\/\/nuriaanglarill.com\/ca\/yoga\/classes-en-directe\/\" class=\"show_details_button\">\n\tDetails<\/a>\n\n\n\t<\/div>\n\t<\/div>\n\n\t<\/div> <\/div>\n<\/li>\n<li class=\"product type-product post-1339 status-publish instock product_cat-suscripciones-ca has-post-thumbnail shipping-taxable purchasable product-type-subscription product-grid-view\">\n\t<div class=\"fusion-product-wrapper\">\n<a href=\"https:\/\/nuriaanglarill.com\/ca\/yoga\/classes-gravades\/\" class=\"product-images\" aria-label=\"Classes gravades\">\n\n<div class=\"featured-image\">\n\t\t<img decoding=\"async\" width=\"500\" height=\"500\" src=\"https:\/\/nuriaanglarill.com\/wp-content\/uploads\/2025\/02\/N.AnglarillYoga-25-500x500.jpg\" class=\"attachment-woocommerce_thumbnail size-woocommerce_thumbnail wp-post-image\" alt=\"\" srcset=\"https:\/\/nuriaanglarill.com\/wp-content\/uploads\/2025\/02\/N.AnglarillYoga-25-66x66.jpg 66w, https:\/\/nuriaanglarill.com\/wp-content\/uploads\/2025\/02\/N.AnglarillYoga-25-150x150.jpg 150w, https:\/\/nuriaanglarill.com\/wp-content\/uploads\/2025\/02\/N.AnglarillYoga-25-200x200.jpg 200w, https:\/\/nuriaanglarill.com\/wp-content\/uploads\/2025\/02\/N.AnglarillYoga-25-300x300.jpg 300w, https:\/\/nuriaanglarill.com\/wp-content\/uploads\/2025\/02\/N.AnglarillYoga-25-400x400.jpg 400w, https:\/\/nuriaanglarill.com\/wp-content\/uploads\/2025\/02\/N.AnglarillYoga-25-500x500.jpg 500w, https:\/\/nuriaanglarill.com\/wp-content\/uploads\/2025\/02\/N.AnglarillYoga-25-600x600.jpg 600w, https:\/\/nuriaanglarill.com\/wp-content\/uploads\/2025\/02\/N.AnglarillYoga-25-700x700.jpg 700w, https:\/\/nuriaanglarill.com\/wp-content\/uploads\/2025\/02\/N.AnglarillYoga-25-768x768.jpg 768w, https:\/\/nuriaanglarill.com\/wp-content\/uploads\/2025\/02\/N.AnglarillYoga-25-800x800.jpg 800w, https:\/\/nuriaanglarill.com\/wp-content\/uploads\/2025\/02\/N.AnglarillYoga-25.jpg 900w\" sizes=\"(max-width: 500px) 100vw, 500px\" \/>\n\t\t\t\t\t\t<div class=\"cart-loading\"><i class=\"awb-icon-spinner\" aria-hidden=\"true\"><\/i><\/div>\n\t\t\t<\/div>\n<\/a>\n<div class=\"fusion-product-content\">\n\t<div class=\"product-details\">\n\t\t<div class=\"product-details-container\">\n<h3 class=\"product-title\">\n\t<a href=\"https:\/\/nuriaanglarill.com\/ca\/yoga\/classes-gravades\/\">\n\t\tClasses gravades\t<\/a>\n<\/h3>\n<div class=\"fusion-price-rating\">\n\n\t<span class=\"price\"><span class=\"woocommerce-Price-amount amount\"><bdi>20,00&nbsp;<span class=\"woocommerce-Price-currencySymbol\">&euro;<\/span><\/bdi><\/span> <span class=\"subscription-details\"> \/ month<\/span><\/span>\n\t\t<\/div>\n\t<\/div>\n<\/div>\n\n\n\t<div class=\"product-buttons\">\n\t\t<div class=\"fusion-content-sep sep-double sep-solid\"><\/div>\n\t\t<div class=\"product-buttons-container clearfix\">\n<a href=\"\/ca\/wp-json\/wp\/v2\/pages\/1403?add-to-cart=1339\" aria-describedby=\"woocommerce_loop_add_to_cart_link_describedby_1339\" data-quantity=\"1\" class=\"button product_type_subscription add_to_cart_button ajax_add_to_cart\" data-product_id=\"1339\" data-product_sku=\"\" aria-label=\"Afegeix a la cistella: &ldquo;Classes gravades&rdquo;\" rel=\"nofollow\">Suscribir<\/a>\t<span id=\"woocommerce_loop_add_to_cart_link_describedby_1339\" class=\"screen-reader-text\">\n\t\t\t<\/span>\n\n<a href=\"https:\/\/nuriaanglarill.com\/ca\/yoga\/classes-gravades\/\" class=\"show_details_button\">\n\tDetails<\/a>\n\n\n\t<\/div>\n\t<\/div>\n\n\t<\/div> <\/div>\n<\/li>\n<li class=\"product type-product post-1336 status-publish last instock product_cat-suscripciones-ca has-post-thumbnail shipping-taxable purchasable product-type-subscription product-grid-view\">\n\t<div class=\"fusion-product-wrapper\">\n<a href=\"https:\/\/nuriaanglarill.com\/ca\/yoga\/embaras\/\" class=\"product-images\" aria-label=\"Embar\u00e0s\">\n\n<div class=\"featured-image\">\n\t\t<img decoding=\"async\" width=\"500\" height=\"500\" src=\"https:\/\/nuriaanglarill.com\/wp-content\/uploads\/2025\/03\/nuria-yoga-embarazo-1-scaled-1-500x500.jpeg\" class=\"attachment-woocommerce_thumbnail size-woocommerce_thumbnail wp-post-image\" alt=\"\" srcset=\"https:\/\/nuriaanglarill.com\/wp-content\/uploads\/2025\/03\/nuria-yoga-embarazo-1-scaled-1-66x66.jpeg 66w, https:\/\/nuriaanglarill.com\/wp-content\/uploads\/2025\/03\/nuria-yoga-embarazo-1-scaled-1-150x150.jpeg 150w, https:\/\/nuriaanglarill.com\/wp-content\/uploads\/2025\/03\/nuria-yoga-embarazo-1-scaled-1-200x200.jpeg 200w, https:\/\/nuriaanglarill.com\/wp-content\/uploads\/2025\/03\/nuria-yoga-embarazo-1-scaled-1-300x300.jpeg 300w, https:\/\/nuriaanglarill.com\/wp-content\/uploads\/2025\/03\/nuria-yoga-embarazo-1-scaled-1-400x400.jpeg 400w, https:\/\/nuriaanglarill.com\/wp-content\/uploads\/2025\/03\/nuria-yoga-embarazo-1-scaled-1-500x500.jpeg 500w, https:\/\/nuriaanglarill.com\/wp-content\/uploads\/2025\/03\/nuria-yoga-embarazo-1-scaled-1-600x600.jpeg 600w, https:\/\/nuriaanglarill.com\/wp-content\/uploads\/2025\/03\/nuria-yoga-embarazo-1-scaled-1.jpeg 700w\" sizes=\"(max-width: 500px) 100vw, 500px\" \/>\n\t\t\t\t\t\t<div class=\"cart-loading\"><i class=\"awb-icon-spinner\" aria-hidden=\"true\"><\/i><\/div>\n\t\t\t<\/div>\n<\/a>\n<div class=\"fusion-product-content\">\n\t<div class=\"product-details\">\n\t\t<div class=\"product-details-container\">\n<h3 class=\"product-title\">\n\t<a href=\"https:\/\/nuriaanglarill.com\/ca\/yoga\/embaras\/\">\n\t\tEmbar\u00e0s\t<\/a>\n<\/h3>\n<div class=\"fusion-price-rating\">\n\n\t<span class=\"price\"><span class=\"woocommerce-Price-amount amount\"><bdi>30,00&nbsp;<span class=\"woocommerce-Price-currencySymbol\">&euro;<\/span><\/bdi><\/span> <span class=\"subscription-details\"> \/ month<\/span><\/span>\n\t\t<\/div>\n\t<\/div>\n<\/div>\n\n\n\t<div class=\"product-buttons\">\n\t\t<div class=\"fusion-content-sep sep-double sep-solid\"><\/div>\n\t\t<div class=\"product-buttons-container clearfix\">\n<a href=\"\/ca\/wp-json\/wp\/v2\/pages\/1403?add-to-cart=1336\" aria-describedby=\"woocommerce_loop_add_to_cart_link_describedby_1336\" data-quantity=\"1\" class=\"button product_type_subscription add_to_cart_button ajax_add_to_cart\" data-product_id=\"1336\" data-product_sku=\"\" aria-label=\"Afegeix a la cistella: &ldquo;Embar\u00e0s&rdquo;\" rel=\"nofollow\">Suscribir<\/a>\t<span id=\"woocommerce_loop_add_to_cart_link_describedby_1336\" class=\"screen-reader-text\">\n\t\t\t<\/span>\n\n<a href=\"https:\/\/nuriaanglarill.com\/ca\/yoga\/embaras\/\" class=\"show_details_button\">\n\tDetails<\/a>\n\n\n\t<\/div>\n\t<\/div>\n\n\t<\/div> <\/div>\n<\/li>\n<li class=\"product type-product post-1333 status-publish first instock product_cat-suscripciones-ca has-post-thumbnail shipping-taxable purchasable product-type-subscription product-grid-view\">\n\t<div class=\"fusion-product-wrapper\">\n<a href=\"https:\/\/nuriaanglarill.com\/ca\/yoga\/postpart\/\" class=\"product-images\" aria-label=\"Postpart\">\n\n<div class=\"featured-image\">\n\t\t<img decoding=\"async\" width=\"500\" height=\"500\" src=\"https:\/\/nuriaanglarill.com\/wp-content\/uploads\/2025\/03\/N.AnglarillYoga-1-500x500.jpg\" class=\"attachment-woocommerce_thumbnail size-woocommerce_thumbnail wp-post-image\" alt=\"\" srcset=\"https:\/\/nuriaanglarill.com\/wp-content\/uploads\/2025\/03\/N.AnglarillYoga-1-66x66.jpg 66w, https:\/\/nuriaanglarill.com\/wp-content\/uploads\/2025\/03\/N.AnglarillYoga-1-150x150.jpg 150w, https:\/\/nuriaanglarill.com\/wp-content\/uploads\/2025\/03\/N.AnglarillYoga-1-200x200.jpg 200w, https:\/\/nuriaanglarill.com\/wp-content\/uploads\/2025\/03\/N.AnglarillYoga-1-300x300.jpg 300w, https:\/\/nuriaanglarill.com\/wp-content\/uploads\/2025\/03\/N.AnglarillYoga-1-400x400.jpg 400w, https:\/\/nuriaanglarill.com\/wp-content\/uploads\/2025\/03\/N.AnglarillYoga-1-500x500.jpg 500w, https:\/\/nuriaanglarill.com\/wp-content\/uploads\/2025\/03\/N.AnglarillYoga-1-600x600.jpg 600w, https:\/\/nuriaanglarill.com\/wp-content\/uploads\/2025\/03\/N.AnglarillYoga-1-700x700.jpg 700w, https:\/\/nuriaanglarill.com\/wp-content\/uploads\/2025\/03\/N.AnglarillYoga-1-768x768.jpg 768w, https:\/\/nuriaanglarill.com\/wp-content\/uploads\/2025\/03\/N.AnglarillYoga-1-800x800.jpg 800w, https:\/\/nuriaanglarill.com\/wp-content\/uploads\/2025\/03\/N.AnglarillYoga-1.jpg 900w\" sizes=\"(max-width: 500px) 100vw, 500px\" \/>\n\t\t\t\t\t\t<div class=\"cart-loading\"><i class=\"awb-icon-spinner\" aria-hidden=\"true\"><\/i><\/div>\n\t\t\t<\/div>\n<\/a>\n<div class=\"fusion-product-content\">\n\t<div class=\"product-details\">\n\t\t<div class=\"product-details-container\">\n<h3 class=\"product-title\">\n\t<a href=\"https:\/\/nuriaanglarill.com\/ca\/yoga\/postpart\/\">\n\t\tPostpart\t<\/a>\n<\/h3>\n<div class=\"fusion-price-rating\">\n\n\t<span class=\"price\"><span class=\"woocommerce-Price-amount amount\"><bdi>30,00&nbsp;<span class=\"woocommerce-Price-currencySymbol\">&euro;<\/span><\/bdi><\/span> <span class=\"subscription-details\"> \/ month<\/span><\/span>\n\t\t<\/div>\n\t<\/div>\n<\/div>\n\n\n\t<div class=\"product-buttons\">\n\t\t<div class=\"fusion-content-sep sep-double sep-solid\"><\/div>\n\t\t<div class=\"product-buttons-container clearfix\">\n<a href=\"\/ca\/wp-json\/wp\/v2\/pages\/1403?add-to-cart=1333\" aria-describedby=\"woocommerce_loop_add_to_cart_link_describedby_1333\" data-quantity=\"1\" class=\"button product_type_subscription add_to_cart_button ajax_add_to_cart\" data-product_id=\"1333\" data-product_sku=\"\" aria-label=\"Afegeix a la cistella: &ldquo;Postpart&rdquo;\" rel=\"nofollow\">Suscribir<\/a>\t<span id=\"woocommerce_loop_add_to_cart_link_describedby_1333\" class=\"screen-reader-text\">\n\t\t\t<\/span>\n\n<a href=\"https:\/\/nuriaanglarill.com\/ca\/yoga\/postpart\/\" class=\"show_details_button\">\n\tDetails<\/a>\n\n\n\t<\/div>\n\t<\/div>\n\n\t<\/div> <\/div>\n<\/li>\n<li class=\"product type-product post-1337 status-publish instock product_cat-suscripciones-ca has-post-thumbnail virtual purchasable product-type-subscription product-grid-view\">\n\t<div class=\"fusion-product-wrapper\">\n<a href=\"https:\/\/nuriaanglarill.com\/ca\/yoga\/repte\/\" class=\"product-images\" aria-label=\"Repte\">\n\n<div class=\"featured-image\">\n\t\t<img decoding=\"async\" width=\"500\" height=\"500\" src=\"https:\/\/nuriaanglarill.com\/wp-content\/uploads\/2025\/03\/N.AnglarillYoga-8-500x500.jpg\" class=\"attachment-woocommerce_thumbnail size-woocommerce_thumbnail wp-post-image\" alt=\"\" srcset=\"https:\/\/nuriaanglarill.com\/wp-content\/uploads\/2025\/03\/N.AnglarillYoga-8-66x66.jpg 66w, https:\/\/nuriaanglarill.com\/wp-content\/uploads\/2025\/03\/N.AnglarillYoga-8-150x150.jpg 150w, https:\/\/nuriaanglarill.com\/wp-content\/uploads\/2025\/03\/N.AnglarillYoga-8-200x200.jpg 200w, https:\/\/nuriaanglarill.com\/wp-content\/uploads\/2025\/03\/N.AnglarillYoga-8-300x300.jpg 300w, https:\/\/nuriaanglarill.com\/wp-content\/uploads\/2025\/03\/N.AnglarillYoga-8-400x400.jpg 400w, https:\/\/nuriaanglarill.com\/wp-content\/uploads\/2025\/03\/N.AnglarillYoga-8-500x500.jpg 500w, https:\/\/nuriaanglarill.com\/wp-content\/uploads\/2025\/03\/N.AnglarillYoga-8-600x600.jpg 600w, https:\/\/nuriaanglarill.com\/wp-content\/uploads\/2025\/03\/N.AnglarillYoga-8-700x700.jpg 700w, https:\/\/nuriaanglarill.com\/wp-content\/uploads\/2025\/03\/N.AnglarillYoga-8-768x768.jpg 768w, https:\/\/nuriaanglarill.com\/wp-content\/uploads\/2025\/03\/N.AnglarillYoga-8-800x800.jpg 800w, https:\/\/nuriaanglarill.com\/wp-content\/uploads\/2025\/03\/N.AnglarillYoga-8.jpg 900w\" sizes=\"(max-width: 500px) 100vw, 500px\" \/>\n\t\t\t\t\t\t<div class=\"cart-loading\"><i class=\"awb-icon-spinner\" aria-hidden=\"true\"><\/i><\/div>\n\t\t\t<\/div>\n<\/a>\n<div class=\"fusion-product-content\">\n\t<div class=\"product-details\">\n\t\t<div class=\"product-details-container\">\n<h3 class=\"product-title\">\n\t<a href=\"https:\/\/nuriaanglarill.com\/ca\/yoga\/repte\/\">\n\t\tRepte\t<\/a>\n<\/h3>\n<div class=\"fusion-price-rating\">\n\n\t<span class=\"price\"><span class=\"woocommerce-Price-amount amount\"><bdi>28,00&nbsp;<span class=\"woocommerce-Price-currencySymbol\">&euro;<\/span><\/bdi><\/span> <span class=\"subscription-details\"> \/ month<\/span><\/span>\n\t\t<\/div>\n\t<\/div>\n<\/div>\n\n\n\t<div class=\"product-buttons\">\n\t\t<div class=\"fusion-content-sep sep-double sep-solid\"><\/div>\n\t\t<div class=\"product-buttons-container clearfix\">\n<a href=\"\/ca\/wp-json\/wp\/v2\/pages\/1403?add-to-cart=1337\" aria-describedby=\"woocommerce_loop_add_to_cart_link_describedby_1337\" data-quantity=\"1\" class=\"button product_type_subscription add_to_cart_button ajax_add_to_cart\" data-product_id=\"1337\" data-product_sku=\"\" aria-label=\"Afegeix a la cistella: &ldquo;Repte&rdquo;\" rel=\"nofollow\">Suscribir<\/a>\t<span id=\"woocommerce_loop_add_to_cart_link_describedby_1337\" class=\"screen-reader-text\">\n\t\t\t<\/span>\n\n<a href=\"https:\/\/nuriaanglarill.com\/ca\/yoga\/repte\/\" class=\"show_details_button\">\n\tDetails<\/a>\n\n\n\t<\/div>\n\t<\/div>\n\n\t<\/div> <\/div>\n<\/li>\n<\/ul><div class=\"fusion-woo-product-grid-pagination fusion-clearfix\"><\/div><\/div><\/div><\/div><\/div><\/div><\/p>\n","protected":false},"excerpt":{"rendered":"","protected":false},"author":1,"featured_media":0,"parent":0,"menu_order":0,"comment_status":"closed","ping_status":"closed","template":"100-width.php","meta":{"footnotes":""},"class_list":["post-1403","page","type-page","status-publish","hentry"],"_links":{"self":[{"href":"https:\/\/nuriaanglarill.com\/ca\/wp-json\/wp\/v2\/pages\/1403","targetHints":{"allow":["GET"]}}],"collection":[{"href":"https:\/\/nuriaanglarill.com\/ca\/wp-json\/wp\/v2\/pages"}],"about":[{"href":"https:\/\/nuriaanglarill.com\/ca\/wp-json\/wp\/v2\/types\/page"}],"author":[{"embeddable":true,"href":"https:\/\/nuriaanglarill.com\/ca\/wp-json\/wp\/v2\/users\/1"}],"replies":[{"embeddable":true,"href":"https:\/\/nuriaanglarill.com\/ca\/wp-json\/wp\/v2\/comments?post=1403"}],"version-history":[{"count":1,"href":"https:\/\/nuriaanglarill.com\/ca\/wp-json\/wp\/v2\/pages\/1403\/revisions"}],"predecessor-version":[{"id":1404,"href":"https:\/\/nuriaanglarill.com\/ca\/wp-json\/wp\/v2\/pages\/1403\/revisions\/1404"}],"wp:attachment":[{"href":"https:\/\/nuriaanglarill.com\/ca\/wp-json\/wp\/v2\/media?parent=1403"}],"curies":[{"name":"wp","href":"https:\/\/api.w.org\/{rel}","templated":true}]}}