

{"id":1392,"date":"2025-02-13T15:39:52","date_gmt":"2025-02-13T15:39:52","guid":{"rendered":"https:\/\/nuriaanglarill.com\/clases-en-casa-mariona\/"},"modified":"2025-03-12T15:05:47","modified_gmt":"2025-03-12T15:05:47","slug":"classes-a-casa-mariona","status":"publish","type":"page","link":"https:\/\/nuriaanglarill.com\/ca\/classes-a-casa-mariona\/","title":{"rendered":"Classes a casa Mariona"},"content":{"rendered":"<p><div class=\"fusion-fullwidth fullwidth-box fusion-builder-row-1 fusion-flex-container has-pattern-background has-mask-background fusion-parallax-none nonhundred-percent-fullwidth non-hundred-percent-height-scrolling\" style=\"--awb-border-radius-top-left:0px;--awb-border-radius-top-right:0px;--awb-border-radius-bottom-right:0px;--awb-border-radius-bottom-left:0px;--awb-padding-top:15%;--awb-padding-bottom:5%;--awb-background-image:linear-gradient(180deg, rgba(0,0,0,0.3) 0%,rgba(0,0,0,0.3) 100%),url(https:\/\/nuriaanglarill.com\/wp-content\/uploads\/2025\/02\/nuria-anglarill-experiencias-1.jpeg);;--awb-background-size:cover;--awb-flex-wrap:wrap;\" ><div class=\"fusion-builder-row fusion-row fusion-flex-align-items-flex-start fusion-flex-content-wrap\" style=\"max-width:1248px;margin-left: calc(-4% \/ 2 );margin-right: calc(-4% \/ 2 );\"><div class=\"fusion-layout-column fusion_builder_column fusion-builder-column-0 fusion_builder_column_1_1 1_1 fusion-flex-column\" style=\"--awb-bg-size:cover;--awb-width-large:100%;--awb-margin-top-large:0px;--awb-spacing-right-large:1.92%;--awb-margin-bottom-large:20px;--awb-spacing-left-large:1.92%;--awb-width-medium:100%;--awb-order-medium:0;--awb-spacing-right-medium:1.92%;--awb-spacing-left-medium:1.92%;--awb-width-small:100%;--awb-order-small:0;--awb-spacing-right-small:1.92%;--awb-spacing-left-small:1.92%;\"><div class=\"fusion-column-wrapper fusion-column-has-shadow fusion-flex-justify-content-flex-start fusion-content-layout-column\"><div class=\"fusion-title title fusion-title-1 fusion-sep-none fusion-title-center fusion-title-text fusion-title-size-one\" style=\"--awb-text-color:var(--awb-color1);--awb-margin-top-small:10px;--awb-margin-right-small:0px;--awb-margin-bottom-small:10px;--awb-margin-left-small:0px;\"><h1 class=\"fusion-title-heading title-heading-center\" style=\"margin:0;\">Classes a casa Mariona<\/h1><\/div><\/div><\/div><\/div><\/div><div class=\"fusion-fullwidth fullwidth-box fusion-builder-row-2 fusion-flex-container has-pattern-background has-mask-background hundred-percent-fullwidth non-hundred-percent-height-scrolling\" style=\"--awb-border-radius-top-left:0px;--awb-border-radius-top-right:0px;--awb-border-radius-bottom-right:0px;--awb-border-radius-bottom-left:0px;--awb-padding-top:2%;--awb-padding-bottom:2%;--awb-padding-top-small:10%;--awb-flex-wrap:wrap;\" ><div class=\"fusion-builder-row fusion-row fusion-flex-align-items-stretch fusion-flex-content-wrap\" style=\"width:104% !important;max-width:104% !important;margin-left: calc(-4% \/ 2 );margin-right: calc(-4% \/ 2 );\"><div class=\"fusion-layout-column fusion_builder_column fusion-builder-column-1 fusion_builder_column_1_1 1_1 fusion-flex-column\" style=\"--awb-padding-right:20%;--awb-padding-left:20%;--awb-padding-right-small:0px;--awb-padding-left-small:0px;--awb-bg-size:cover;--awb-width-large:100%;--awb-margin-top-large:0px;--awb-spacing-right-large:1.92%;--awb-margin-bottom-large:20px;--awb-spacing-left-large:1.92%;--awb-width-medium:100%;--awb-order-medium:0;--awb-spacing-right-medium:1.92%;--awb-spacing-left-medium:1.92%;--awb-width-small:100%;--awb-order-small:0;--awb-spacing-right-small:1.92%;--awb-spacing-left-small:1.92%;\"><div class=\"fusion-column-wrapper fusion-column-has-shadow fusion-flex-justify-content-flex-start fusion-content-layout-column\"><div class=\"fusion-title title fusion-title-2 fusion-sep-none fusion-title-center fusion-title-text fusion-title-size-three\" style=\"--awb-margin-top-small:10px;--awb-margin-right-small:0px;--awb-margin-bottom-small:10px;--awb-margin-left-small:0px;\"><h3 class=\"fusion-title-heading title-heading-center\" style=\"margin:0;\">Practica ioga a l\u2019exterior i gaudeix de la natura<\/h3><\/div><div class=\"fusion-text fusion-text-1\"><p style=\"text-align: center;\"><span style=\"font-weight: 400;\">Amb l\u2019arribada del bon temps a tots ens agrada gaudir d\u2019activitats a l\u2019aire lliure. Afortunadament, el ioga ofereix la flexibilitat necess\u00e0ria per poder-lo practicar en qualsevol moment i en qualsevol lloc. Per aquest motiu, aprofitem el bon temps per fer ioga a l\u2019exterior de Casa Mariona.\u00a0<\/span><\/p>\n<\/div><\/div><\/div><\/div><\/div><div class=\"fusion-fullwidth fullwidth-box fusion-builder-row-3 fusion-flex-container has-pattern-background has-mask-background hundred-percent-fullwidth non-hundred-percent-height-scrolling\" style=\"--awb-border-radius-top-left:0px;--awb-border-radius-top-right:0px;--awb-border-radius-bottom-right:0px;--awb-border-radius-bottom-left:0px;--awb-padding-top:2%;--awb-padding-bottom:2%;--awb-flex-wrap:wrap;\" ><div class=\"fusion-builder-row fusion-row fusion-flex-align-items-stretch fusion-flex-content-wrap\" style=\"width:104% !important;max-width:104% !important;margin-left: calc(-4% \/ 2 );margin-right: calc(-4% \/ 2 );\"><div class=\"fusion-layout-column fusion_builder_column fusion-builder-column-2 fusion_builder_column_1_2 1_2 fusion-flex-column\" style=\"--awb-bg-size:cover;--awb-width-large:50%;--awb-margin-top-large:0px;--awb-spacing-right-large:3.84%;--awb-margin-bottom-large:20px;--awb-spacing-left-large:3.84%;--awb-width-medium:50%;--awb-order-medium:0;--awb-spacing-right-medium:3.84%;--awb-spacing-left-medium:3.84%;--awb-width-small:100%;--awb-order-small:0;--awb-spacing-right-small:1.92%;--awb-spacing-left-small:1.92%;\"><div class=\"fusion-column-wrapper fusion-column-has-shadow fusion-flex-justify-content-flex-start fusion-content-layout-column\"><div class=\"fusion-title title fusion-title-3 fusion-sep-none fusion-title-text fusion-title-size-three\" style=\"--awb-margin-top-small:10px;--awb-margin-right-small:0px;--awb-margin-bottom-small:10px;--awb-margin-left-small:0px;\"><h3 class=\"fusion-title-heading title-heading-left\" style=\"margin:0;\">Qu\u00e8 tenen d\u2019especial les classes de ioga de Casa Mariona?<\/h3><\/div><div class=\"fusion-text fusion-text-2\"><p><span style=\"font-weight: 400;\">Les classes de ioga a Casa Mariona s\u00f3n al jard\u00ed, cosa que ens permet activar tots els sentits, amb vistes a la natura, olor de figuera i sentir els ocellets.<\/span><\/p>\n<p><span style=\"font-weight: 400;\">Casa Mariona est\u00e0 ubicada al poble de Sant Mateu de Bages (08263) a una hora de Barcelona i a 15 minuts de Manresa.<\/span><\/p>\n<p><span style=\"font-weight: 400;\">Aquest poble rural enmig de la natura \u00e9s l\u2019entorn ideal per reduir l\u2019estr\u00e8s i aconseguir augmentar els teus nivells d\u2019energia.<\/span><\/p>\n<\/div><\/div><\/div><div class=\"fusion-layout-column fusion_builder_column fusion-builder-column-3 fusion_builder_column_1_2 1_2 fusion-flex-column\" style=\"--awb-padding-top:20%;--awb-padding-bottom:20%;--awb-bg-image:url(&#039;https:\/\/nuriaanglarill.com\/wp-content\/uploads\/2025\/03\/N.AnglarillYoga-25.jpg&#039;);--awb-bg-position:center center;--awb-bg-size:cover;--awb-width-large:50%;--awb-margin-top-large:0px;--awb-spacing-right-large:3.84%;--awb-margin-bottom-large:20px;--awb-spacing-left-large:3.84%;--awb-width-medium:50%;--awb-order-medium:0;--awb-spacing-right-medium:3.84%;--awb-spacing-left-medium:3.84%;--awb-width-small:100%;--awb-order-small:0;--awb-spacing-right-small:1.92%;--awb-spacing-left-small:1.92%;\"><div class=\"fusion-column-wrapper fusion-column-has-shadow fusion-flex-justify-content-flex-start fusion-content-layout-column fusion-empty-column-bg-image fusion-column-has-bg-image\" data-bg-url=\"https:\/\/nuriaanglarill.com\/wp-content\/uploads\/2025\/03\/N.AnglarillYoga-25.jpg\"><img decoding=\"async\" class=\"fusion-empty-dims-img-placeholder fusion-no-large-visibility fusion-no-medium-visibility\" aria-label=\"N.AnglarillYoga-25\" src=\"data:image\/svg+xml,%3Csvg%20xmlns%3D%27http%3A%2F%2Fwww.w3.org%2F2000%2Fsvg%27%20width%3D%272500%27%20height%3D%271667%27%20viewBox%3D%270%200%202500%201667%27%3E%3Crect%20width%3D%272500%27%20height%3D%271667%27%20fill-opacity%3D%220%22%2F%3E%3C%2Fsvg%3E\"><\/div><\/div><\/div><\/div><div class=\"fusion-fullwidth fullwidth-box fusion-builder-row-4 fusion-flex-container has-pattern-background has-mask-background hundred-percent-fullwidth non-hundred-percent-height-scrolling\" style=\"--awb-border-radius-top-left:0px;--awb-border-radius-top-right:0px;--awb-border-radius-bottom-right:0px;--awb-border-radius-bottom-left:0px;--awb-padding-top:2%;--awb-padding-bottom:2%;--awb-flex-wrap:wrap;\" ><div class=\"fusion-builder-row fusion-row fusion-flex-align-items-stretch fusion-flex-content-wrap\" style=\"width:104% !important;max-width:104% !important;margin-left: calc(-4% \/ 2 );margin-right: calc(-4% \/ 2 );\"><div class=\"fusion-layout-column fusion_builder_column fusion-builder-column-4 fusion_builder_column_1_2 1_2 fusion-flex-column\" style=\"--awb-bg-image:url(&#039;https:\/\/nuriaanglarill.com\/wp-content\/uploads\/2025\/03\/N.AnglarillYoga-41.jpg&#039;);--awb-bg-position:center bottom;--awb-bg-size:cover;--awb-width-large:50%;--awb-margin-top-large:0px;--awb-spacing-right-large:3.84%;--awb-margin-bottom-large:20px;--awb-spacing-left-large:3.84%;--awb-width-medium:50%;--awb-order-medium:0;--awb-spacing-right-medium:3.84%;--awb-spacing-left-medium:3.84%;--awb-width-small:100%;--awb-order-small:1;--awb-spacing-right-small:1.92%;--awb-spacing-left-small:1.92%;\"><div class=\"fusion-column-wrapper fusion-column-has-shadow fusion-flex-justify-content-flex-start fusion-content-layout-column fusion-empty-column-bg-image fusion-column-has-bg-image\" data-bg-url=\"https:\/\/nuriaanglarill.com\/wp-content\/uploads\/2025\/03\/N.AnglarillYoga-41.jpg\"><img decoding=\"async\" class=\"fusion-empty-dims-img-placeholder fusion-no-large-visibility fusion-no-medium-visibility\" aria-label=\"N.AnglarillYoga-41\" src=\"data:image\/svg+xml,%3Csvg%20xmlns%3D%27http%3A%2F%2Fwww.w3.org%2F2000%2Fsvg%27%20width%3D%271667%27%20height%3D%272500%27%20viewBox%3D%270%200%201667%202500%27%3E%3Crect%20width%3D%271667%27%20height%3D%272500%27%20fill-opacity%3D%220%22%2F%3E%3C%2Fsvg%3E\"><\/div><\/div><div class=\"fusion-layout-column fusion_builder_column fusion-builder-column-5 fusion_builder_column_1_2 1_2 fusion-flex-column\" style=\"--awb-bg-size:cover;--awb-width-large:50%;--awb-margin-top-large:0px;--awb-spacing-right-large:3.84%;--awb-margin-bottom-large:20px;--awb-spacing-left-large:3.84%;--awb-width-medium:50%;--awb-order-medium:0;--awb-spacing-right-medium:3.84%;--awb-spacing-left-medium:3.84%;--awb-width-small:100%;--awb-order-small:0;--awb-spacing-right-small:1.92%;--awb-spacing-left-small:1.92%;\"><div class=\"fusion-column-wrapper fusion-column-has-shadow fusion-flex-justify-content-flex-start fusion-content-layout-column\"><div class=\"fusion-title title fusion-title-4 fusion-sep-none fusion-title-text fusion-title-size-three\" style=\"--awb-margin-top-small:10px;--awb-margin-right-small:0px;--awb-margin-bottom-small:10px;--awb-margin-left-small:0px;\"><h3 class=\"fusion-title-heading title-heading-left\" style=\"margin:0;\">Com s\u00f3n les classes de ioga a Casa Mariona?<\/h3><\/div><div class=\"fusion-text fusion-text-3\"><p><span style=\"font-weight: 400;\">Les experi\u00e8ncies de ioga a Casa Mariona s\u00f3n molt especials, s\u00f3n experi\u00e8ncies multisensorials. La pr\u00e0ctica de ioga a l\u2019exterior permet activar tots els sentits.<\/span><\/p>\n<p><span style=\"font-weight: 400;\">Mentre practiques ioga gaudir\u00e0s d\u2019unes meravelloses vistes que aporten pau. La brisa et tocar\u00e0 la pell i calmar\u00e0 l\u2019esfor\u00e7 que comporta la pr\u00e0ctica del ioga. L\u2019olor de les flors del jard\u00ed i el soroll dels ocells t\u2019acompanyar\u00e0 durant tota la pr\u00e0ctica.<\/span><\/p>\n<p><span style=\"font-weight: 400;\">Les pr\u00e0ctiques de ioga al jard\u00ed comencen amb una activaci\u00f3 del cos, amb calma i a poc a poc. Despr\u00e9s passarem a una pr\u00e0ctica m\u00e9s din\u00e0mica (vinyasa) i acabarem amb una relaxaci\u00f3 final amb bolsters. En acabar la sessi\u00f3 notar\u00e0s com la pau f\u00edsica i mental t\u2019envaeixen i aconsegueixes una sensaci\u00f3 de benestar.\u00a0<\/span><\/p>\n<p><span style=\"font-weight: 400;\">La majoria de les classes, les acabem picant quelcom saludable o amb una komcuha, per comentar la sessi\u00f3 i gaudir d\u2019una bona estona junts. <\/span><\/p>\n<\/div><\/div><\/div><\/div><\/div><div class=\"fusion-fullwidth fullwidth-box fusion-builder-row-5 fusion-flex-container has-pattern-background has-mask-background hundred-percent-fullwidth non-hundred-percent-height-scrolling\" style=\"--awb-border-radius-top-left:0px;--awb-border-radius-top-right:0px;--awb-border-radius-bottom-right:0px;--awb-border-radius-bottom-left:0px;--awb-padding-top:2%;--awb-padding-right:20%;--awb-padding-bottom:2%;--awb-padding-left:20%;--awb-background-color:var(--awb-color3);--awb-flex-wrap:wrap;\" ><div class=\"fusion-builder-row fusion-row fusion-flex-align-items-flex-start fusion-flex-content-wrap\" style=\"width:104% !important;max-width:104% !important;margin-left: calc(-4% \/ 2 );margin-right: calc(-4% \/ 2 );\"><div class=\"fusion-layout-column fusion_builder_column fusion-builder-column-6 fusion_builder_column_1_1 1_1 fusion-flex-column\" style=\"--awb-bg-size:cover;--awb-width-large:100%;--awb-margin-top-large:0px;--awb-spacing-right-large:1.92%;--awb-margin-bottom-large:0px;--awb-spacing-left-large:1.92%;--awb-width-medium:100%;--awb-order-medium:0;--awb-spacing-right-medium:1.92%;--awb-spacing-left-medium:1.92%;--awb-width-small:100%;--awb-order-small:0;--awb-spacing-right-small:1.92%;--awb-spacing-left-small:1.92%;\"><div class=\"fusion-column-wrapper fusion-column-has-shadow fusion-flex-justify-content-flex-start fusion-content-layout-column\"><div class=\"fusion-title title fusion-title-5 fusion-sep-none fusion-title-center fusion-title-text fusion-title-size-three\" style=\"--awb-text-color:#ffffff;--awb-margin-top-small:10px;--awb-margin-right-small:0px;--awb-margin-bottom-small:10px;--awb-margin-left-small:0px;\"><h3 class=\"fusion-title-heading title-heading-center\" style=\"margin:0;\">Ioga en el jard\u00ed el pr\u00f2xim dissabte 29 de mar\u00e7.<\/h3><\/div><div class=\"fusion-text fusion-text-4\" style=\"--awb-text-color:#ffffff;\"><p style=\"text-align: center;\">Despr\u00e9s de la pr\u00e0ctica, picoteig saludable per poder seguir compartint la filosofia del ioga.<\/p>\n<\/div><div style=\"text-align:center;\"><a class=\"fusion-button button-flat fusion-button-default-size button-default fusion-button-default button-1 fusion-button-default-span fusion-button-default-type\" style=\"--awb-margin-top:3%;\" target=\"_self\" href=\"https:\/\/nuriaanglarill.com\/ca\/yoga\/un-dia-de-ioga-i-benestar-en-plena-naturalesa\/\"><span class=\"fusion-button-text awb-button__text awb-button__text--default\">Apunta&#x27;t al proxim esdeveniment<\/span><\/a><\/div><\/div><\/div><\/div><\/div><div class=\"fusion-fullwidth fullwidth-box fusion-builder-row-6 fusion-flex-container has-pattern-background has-mask-background hundred-percent-fullwidth non-hundred-percent-height-scrolling\" style=\"--awb-border-radius-top-left:0px;--awb-border-radius-top-right:0px;--awb-border-radius-bottom-right:0px;--awb-border-radius-bottom-left:0px;--awb-padding-top:2%;--awb-padding-bottom:2%;--awb-flex-wrap:wrap;\" ><div class=\"fusion-builder-row fusion-row fusion-flex-align-items-stretch fusion-flex-content-wrap\" style=\"width:104% !important;max-width:104% !important;margin-left: calc(-4% \/ 2 );margin-right: calc(-4% \/ 2 );\"><div class=\"fusion-layout-column fusion_builder_column fusion-builder-column-7 fusion_builder_column_1_1 1_1 fusion-flex-column fusion-flex-align-self-stretch\" style=\"--awb-bg-size:cover;--awb-width-large:100%;--awb-margin-top-large:0px;--awb-spacing-right-large:1.92%;--awb-margin-bottom-large:20px;--awb-spacing-left-large:1.92%;--awb-width-medium:100%;--awb-order-medium:0;--awb-spacing-right-medium:1.92%;--awb-spacing-left-medium:1.92%;--awb-width-small:100%;--awb-order-small:0;--awb-spacing-right-small:1.92%;--awb-spacing-left-small:1.92%;\"><div class=\"fusion-column-wrapper fusion-column-has-shadow fusion-flex-justify-content-flex-start fusion-content-layout-column\"><div class=\"fusion-title title fusion-title-6 fusion-sep-none fusion-title-text fusion-title-size-three\" style=\"--awb-margin-top-small:10px;--awb-margin-right-small:0px;--awb-margin-bottom-small:10px;--awb-margin-left-small:0px;\"><h3 class=\"fusion-title-heading title-heading-left\" style=\"margin:0;\">Ells ja han gaudit dels nostres retirs, qu\u00e8 esperes?<\/h3><\/div><div class=\"fusion-testimonials classic awb-speech-bubble-hide fusion-testimonials-1\" style=\"--awb-textcolor:var(--awb-color8);--awb-backgroundcolor:var(--awb-color2);--awb-testimonial-border-style:solid;--awb-testimonial-border-color:var(--awb-color3);--awb-navigation-size:12px;--awb-border-top-left-radius:0px;--awb-border-top-right-radius:0px;--awb-border-bottom-left-radius:0px;--awb-border-bottom-right-radius:0px;--testimonial-border-width-top:0px;--testimonial-border-width-right:0px;--testimonial-border-width-bottom:0px;--testimonial-border-width-left:0px;\" data-random=\"0\" data-speed=\"4000\"><div class=\"reviews\"><div class=\"review active-testimonial male\"><blockquote><div class=\"awb-quote\"><div class=\"awb-quote-content\">\n<div id=\"comp-l13b4j5k\" class=\"HcOXKn c9GqVL QxJLC3 lq2cno YQcXTT comp-l13b4j5k wixui-rich-text\" data-testid=\"richTextElement\">\n<p class=\"font_8 wixui-rich-text__text\"><span class=\"wixui-rich-text__text\"><span class=\"color_17 wixui-rich-text__text\">\u00abGracias por tus sesiones! No sabes lo bien que me qued\u00e9 despu\u00e9s de la pr\u00e1ctica. Amanec\u00ed con mucho dolor de cabeza y me qued\u00e9 totalmente liberada. Gracias.\u00bb<\/span><\/span><\/p>\n<\/div>\n<\/div><\/div><\/blockquote><div class=\"author\"><span class=\"testimonial-thumbnail doe\"><\/span><span class=\"company-name\"><strong>Ruth<\/strong><\/span><\/div><\/div><div class=\"review male\"><blockquote><div class=\"awb-quote\"><div class=\"awb-quote-content\">\n<div id=\"comp-l13b4j5k\" class=\"HcOXKn c9GqVL QxJLC3 lq2cno YQcXTT comp-l13b4j5k wixui-rich-text\" data-testid=\"richTextElement\">\n<div id=\"comp-l13b3s1y1\" class=\"HcOXKn c9GqVL QxJLC3 lq2cno YQcXTT comp-l13b3s1y1 wixui-rich-text\" data-testid=\"richTextElement\">\n<p class=\"font_8 wixui-rich-text__text\"><span class=\"color_18 wixui-rich-text__text\"><span class=\"wixui-rich-text__text\">\u00abHola N\u00faria! Soy principiante y llevo 2 semanas haciendo yoga contigo sobre todo torsiones porque tengo problemas de articulaciones. Desde que estoy practicando yoga soy otra persona al levantarme sin dolores para mi es como volver a nacer de nuevo. solo quer\u00eda darte las gracias por todo lo que haces.\u00bb<\/span><\/span><\/p>\n<\/div>\n<\/div>\n<\/div><\/div><\/blockquote><div class=\"author\"><span class=\"testimonial-thumbnail doe\"><\/span><span class=\"company-name\"><strong>Xeli<\/strong><\/span><\/div><\/div><div class=\"review male\"><blockquote><div class=\"awb-quote\"><div class=\"awb-quote-content\">\n<div id=\"comp-l13b4j5k\" class=\"HcOXKn c9GqVL QxJLC3 lq2cno YQcXTT comp-l13b4j5k wixui-rich-text\" data-testid=\"richTextElement\">\n<div id=\"comp-l13b59sg\" class=\"HcOXKn c9GqVL QxJLC3 lq2cno YQcXTT comp-l13b59sg wixui-rich-text\" data-testid=\"richTextElement\">\n<p class=\"font_8 wixui-rich-text__text\"><span class=\"wixui-rich-text__text\"><span class=\"color_17 wixui-rich-text__text\">\u00abHola N\u00faria! Nada, solo quer\u00eda decirte que la clase de ayer fue genial. Estaba un poco nerviosa al principio pero luego pens\u00e9 que era igual que lo que hab\u00eda estado haciendo hasta ahora pero mejor! Me siento parte de un grupo, de una comunidad. Tengo much\u00edsimas ganas de seguir tus clases. Nos vemos la semana que viene.\u00bb<\/span><\/span><\/p>\n<\/div>\n<\/div>\n<\/div><\/div><\/blockquote><div class=\"author\"><span class=\"testimonial-thumbnail doe\"><\/span><span class=\"company-name\"><strong>Elena<\/strong><\/span><\/div><\/div><div class=\"review male\"><blockquote><div class=\"awb-quote\"><div class=\"awb-quote-content\">\n<div id=\"comp-l13b4j5k\" class=\"HcOXKn c9GqVL QxJLC3 lq2cno YQcXTT comp-l13b4j5k wixui-rich-text\" data-testid=\"richTextElement\">\n<div id=\"comp-l13b3s29\" class=\"HcOXKn c9GqVL QxJLC3 lq2cno YQcXTT comp-l13b3s29 wixui-rich-text\" data-testid=\"richTextElement\">\n<p class=\"font_8 wixui-rich-text__text\"><span class=\"color_18 wixui-rich-text__text\"><span class=\"wixui-rich-text__text\">\u00abHola N\u00faria, acabo de terminar la pr\u00e1ctica de yoga contigo. Solo decirte que ha sido incre\u00edble, super relajante y como ense\u00f1as a tener consciencia de nuestro cuerpo&#8230; al final hoy en d\u00eda con tanta prisa, el trabajo no nos damos cuenta de lo valioso que es nuestro cuerpo. Mil gracias por la clase de hoy ha sido incre\u00edble.\u00bb<\/span><\/span><\/p>\n<\/div>\n<div id=\"comp-l13b3s2b1\" class=\"HcOXKn c9GqVL QxJLC3 lq2cno YQcXTT comp-l13b3s2b1 wixui-rich-text\" data-testid=\"richTextElement\">&nbsp;<\/div>\n<\/div>\n<\/div><\/div><\/blockquote><div class=\"author\"><span class=\"testimonial-thumbnail doe\"><\/span><span class=\"company-name\"><strong>Luc\u00eda<\/strong><\/span><\/div><\/div><div class=\"review male\"><blockquote><div class=\"awb-quote\"><div class=\"awb-quote-content\">\n<div id=\"comp-l13b4j5k\" class=\"HcOXKn c9GqVL QxJLC3 lq2cno YQcXTT comp-l13b4j5k wixui-rich-text\" data-testid=\"richTextElement\">\n<div id=\"comp-l13b7yb11\" class=\"HcOXKn c9GqVL QxJLC3 lq2cno YQcXTT comp-l13b7yb11 wixui-rich-text\" data-testid=\"richTextElement\">\n<p class=\"font_8 wixui-rich-text__text\"><span class=\"color_18 wixui-rich-text__text\"><span class=\"wixui-rich-text__text\">\u00abGracias! Me ha encantado la meditaci\u00f3n de hoy! He cogido la costumbre de hacerlas siempre antes de cenar, la misma hora que los lunes en el directo. Estoy muy contenta, antes no consegu\u00eda centrarme ni 5 minutos y ahora incluso estoy haciendo las m\u00e1s largas el fin de semana.\u00bb<\/span><\/span><\/p>\n<\/div>\n<div id=\"comp-l13b7yb8\" class=\"HcOXKn c9GqVL QxJLC3 lq2cno YQcXTT comp-l13b7yb8 wixui-rich-text\" data-testid=\"richTextElement\">&nbsp;<\/div>\n<\/div>\n<\/div><\/div><\/blockquote><div class=\"author\"><span class=\"testimonial-thumbnail doe\"><\/span><span class=\"company-name\"><strong>Paloma<\/strong><\/span><\/div><\/div><div class=\"review male\"><blockquote><div class=\"awb-quote\"><div class=\"awb-quote-content\">\n<div id=\"comp-l13b4j5k\" class=\"HcOXKn c9GqVL QxJLC3 lq2cno YQcXTT comp-l13b4j5k wixui-rich-text\" data-testid=\"richTextElement\">\n<div id=\"comp-l13b7ybf\" class=\"HcOXKn c9GqVL QxJLC3 lq2cno YQcXTT comp-l13b7ybf wixui-rich-text\" data-testid=\"richTextElement\">\n<p class=\"font_8 wixui-rich-text__text\"><span class=\"wixui-rich-text__text\"><span class=\"color_17 wixui-rich-text__text\">\u00abQue bien tus clases&#8230; esta semana he estado s\u00faper estresada por el trabajo y he sido incapaz de trabajar los equilibrios, el estr\u00e9s y los nervios han tenido la mente descentrada, pero con tu clase vuelvo a ser consciente, a volverme encontrar y a seguir. Hoy he vuelto a poder hacer los equilibrios bien. Una y mil veces, gracias por estar en mi vida.\u00bb<\/span><\/span><\/p>\n<\/div>\n<\/div>\n<\/div><\/div><\/blockquote><div class=\"author\"><span class=\"testimonial-thumbnail doe\"><\/span><span class=\"company-name\"><strong>Jessica<\/strong><\/span><\/div><\/div><div class=\"review male\"><blockquote><div class=\"awb-quote\"><div class=\"awb-quote-content\">\n<div id=\"comp-l13b4j5k\" class=\"HcOXKn c9GqVL QxJLC3 lq2cno YQcXTT comp-l13b4j5k wixui-rich-text\" data-testid=\"richTextElement\">\n<div id=\"comp-l13b7ybu\" class=\"HcOXKn c9GqVL QxJLC3 lq2cno YQcXTT comp-l13b7ybu wixui-rich-text\" data-testid=\"richTextElement\">\n<p class=\"font_8 wixui-rich-text__text\"><span class=\"color_18 wixui-rich-text__text\"><span class=\"wixui-rich-text__text\">\u00abLa forma como gu\u00edas es genial y la sensaci\u00f3n del cuerpo despu\u00e9s es maravillosa. Muchas gracias por estas sesiones!\u00bb<\/span><\/span><\/p>\n<\/div>\n<\/div>\n<\/div><\/div><\/blockquote><div class=\"author\"><span class=\"testimonial-thumbnail doe\"><\/span><span class=\"company-name\"><strong>Noelia<\/strong><\/span><\/div><\/div><div class=\"review male\"><blockquote><div class=\"awb-quote\"><div class=\"awb-quote-content\">\n<div id=\"comp-l13b4j5k\" class=\"HcOXKn c9GqVL QxJLC3 lq2cno YQcXTT comp-l13b4j5k wixui-rich-text\" data-testid=\"richTextElement\">\n<div id=\"comp-l13b7yc1\" class=\"HcOXKn c9GqVL QxJLC3 lq2cno YQcXTT comp-l13b7yc1 wixui-rich-text\" data-testid=\"richTextElement\">\n<p class=\"font_8 wixui-rich-text__text\"><span class=\"wixui-rich-text__text\"><span class=\"color_17 wixui-rich-text__text\">\u00abNuria&#8230; Gracias!!! Acabo de hacer la pr\u00e1ctica del chakra de la garganta y me sent\u00ed muy bien, me cuesta expresar mis emociones y al final de la pr\u00e1ctica llor\u00e9 de alegr\u00eda y tristeza, algo se movi\u00f3 en i! Gracias por compartir tanto! Un abrazo.\u00bb<\/span><\/span><\/p>\n<\/div>\n<\/div>\n<\/div><\/div><\/blockquote><div class=\"author\"><span class=\"testimonial-thumbnail doe\"><\/span><span class=\"company-name\"><strong>Ana<\/strong><\/span><\/div><\/div><\/div><\/div><\/div><\/div><\/div><\/div><\/p>\n","protected":false},"excerpt":{"rendered":"","protected":false},"author":1,"featured_media":0,"parent":0,"menu_order":0,"comment_status":"closed","ping_status":"closed","template":"100-width.php","meta":{"footnotes":""},"class_list":["post-1392","page","type-page","status-publish","hentry"],"_links":{"self":[{"href":"https:\/\/nuriaanglarill.com\/ca\/wp-json\/wp\/v2\/pages\/1392","targetHints":{"allow":["GET"]}}],"collection":[{"href":"https:\/\/nuriaanglarill.com\/ca\/wp-json\/wp\/v2\/pages"}],"about":[{"href":"https:\/\/nuriaanglarill.com\/ca\/wp-json\/wp\/v2\/types\/page"}],"author":[{"embeddable":true,"href":"https:\/\/nuriaanglarill.com\/ca\/wp-json\/wp\/v2\/users\/1"}],"replies":[{"embeddable":true,"href":"https:\/\/nuriaanglarill.com\/ca\/wp-json\/wp\/v2\/comments?post=1392"}],"version-history":[{"count":3,"href":"https:\/\/nuriaanglarill.com\/ca\/wp-json\/wp\/v2\/pages\/1392\/revisions"}],"predecessor-version":[{"id":1395,"href":"https:\/\/nuriaanglarill.com\/ca\/wp-json\/wp\/v2\/pages\/1392\/revisions\/1395"}],"wp:attachment":[{"href":"https:\/\/nuriaanglarill.com\/ca\/wp-json\/wp\/v2\/media?parent=1392"}],"curies":[{"name":"wp","href":"https:\/\/api.w.org\/{rel}","templated":true}]}}